{"id":1104,"date":"2021-10-31T17:10:15","date_gmt":"2021-10-31T14:10:15","guid":{"rendered":"http:\/\/www.donmezlertarim.com\/?page_id=1104"},"modified":"2021-10-31T17:13:41","modified_gmt":"2021-10-31T14:13:41","slug":"kaldiraclar","status":"publish","type":"page","link":"http:\/\/www.donmezlertarim.com\/en\/kaldiraclar\/","title":{"rendered":"Lever"},"content":{"rendered":"<div data-elementor-type=\"wp-page\" data-elementor-id=\"1104\" class=\"elementor elementor-1104\" data-elementor-settings=\"[]\">\n\t\t\t\t\t\t\t<div class=\"elementor-section-wrap\">\n\t\t\t\t\t\t\t<section class=\"elementor-section elementor-top-section elementor-element elementor-element-402c2791 elementor-section-height-min-height elementor-section-boxed elementor-section-height-default elementor-section-items-middle\" data-id=\"402c2791\" data-element_type=\"section\" data-settings=\"{&quot;background_background&quot;:&quot;classic&quot;}\">\n\t\t\t\t\t\t\t<div class=\"elementor-background-overlay\"><\/div>\n\t\t\t\t\t\t\t<div class=\"elementor-container elementor-column-gap-wider\">\n\t\t\t\t\t<div class=\"elementor-column elementor-col-100 elementor-top-column elementor-element elementor-element-692ab68d\" data-id=\"692ab68d\" data-element_type=\"column\">\n\t\t\t<div class=\"elementor-widget-wrap elementor-element-populated\">\n\t\t\t\t\t\t\t\t<div class=\"elementor-element elementor-element-5765de02 elementor-invisible elementor-widget elementor-widget-heading\" data-id=\"5765de02\" data-element_type=\"widget\" data-settings=\"{&quot;_animation&quot;:&quot;fadeInUp&quot;,&quot;_animation_delay&quot;:600}\" data-widget_type=\"heading.default\">\n\t\t\t\t<div class=\"elementor-widget-container\">\n\t\t\t<h1 class=\"elementor-heading-title elementor-size-default\">Lever<\/h1>\t\t<\/div>\n\t\t\t\t<\/div>\n\t\t\t\t\t<\/div>\n\t\t<\/div>\n\t\t\t\t\t\t\t<\/div>\n\t\t<\/section>\n\t\t\t\t<section class=\"elementor-section elementor-top-section elementor-element elementor-element-335373c7 elementor-section-boxed elementor-section-height-default elementor-section-height-default\" data-id=\"335373c7\" data-element_type=\"section\" data-settings=\"{&quot;background_background&quot;:&quot;classic&quot;}\">\n\t\t\t\t\t\t<div class=\"elementor-container elementor-column-gap-no\">\n\t\t\t\t\t<div class=\"elementor-column elementor-col-100 elementor-top-column elementor-element elementor-element-7837e4d2\" data-id=\"7837e4d2\" data-element_type=\"column\">\n\t\t\t<div class=\"elementor-widget-wrap elementor-element-populated\">\n\t\t\t\t\t\t\t\t<section class=\"elementor-section elementor-inner-section elementor-element elementor-element-70c1811a elementor-section-boxed elementor-section-height-default elementor-section-height-default\" data-id=\"70c1811a\" data-element_type=\"section\">\n\t\t\t\t\t\t<div class=\"elementor-container elementor-column-gap-wider\">\n\t\t\t\t\t<div class=\"elementor-column elementor-col-33 elementor-inner-column elementor-element elementor-element-23a87375\" data-id=\"23a87375\" data-element_type=\"column\">\n\t\t\t<div class=\"elementor-widget-wrap elementor-element-populated\">\n\t\t\t\t\t\t\t\t<div class=\"elementor-element elementor-element-2e7605f8 elementor-invisible elementor-widget elementor-widget-heading\" data-id=\"2e7605f8\" data-element_type=\"widget\" data-settings=\"{&quot;_animation&quot;:&quot;fadeInDown&quot;}\" data-widget_type=\"heading.default\">\n\t\t\t\t<div class=\"elementor-widget-container\">\n\t\t\t<div class=\"elementor-heading-title elementor-size-default\">Products<\/div>\t\t<\/div>\n\t\t\t\t<\/div>\n\t\t\t\t<div class=\"elementor-element elementor-element-7e6622bd elementor-invisible elementor-widget elementor-widget-heading\" data-id=\"7e6622bd\" data-element_type=\"widget\" data-settings=\"{&quot;_animation&quot;:&quot;fadeInLeft&quot;}\" data-widget_type=\"heading.default\">\n\t\t\t\t<div class=\"elementor-widget-container\">\n\t\t\t<h2 class=\"elementor-heading-title elementor-size-default\">Lever<\/h2>\t\t<\/div>\n\t\t\t\t<\/div>\n\t\t\t\t\t<\/div>\n\t\t<\/div>\n\t\t\t\t<div class=\"elementor-column elementor-col-33 elementor-inner-column elementor-element elementor-element-1232cf7d\" data-id=\"1232cf7d\" data-element_type=\"column\">\n\t\t\t<div class=\"elementor-widget-wrap\">\n\t\t\t\t\t\t\t\t\t<\/div>\n\t\t<\/div>\n\t\t\t\t<div class=\"elementor-column elementor-col-33 elementor-inner-column elementor-element elementor-element-37fe0575\" data-id=\"37fe0575\" data-element_type=\"column\">\n\t\t\t<div class=\"elementor-widget-wrap elementor-element-populated\">\n\t\t\t\t\t\t\t\t<div class=\"elementor-element elementor-element-232f9698 elementor-position-right elementor-vertical-align-middle elementor-view-default elementor-widget elementor-widget-icon-box\" data-id=\"232f9698\" data-element_type=\"widget\" data-widget_type=\"icon-box.default\">\n\t\t\t\t<div class=\"elementor-widget-container\">\n\t\t\t\t\t<div class=\"elementor-icon-box-wrapper\">\n\t\t\t\t\t\t<div class=\"elementor-icon-box-icon\">\n\t\t\t\t<a class=\"elementor-icon elementor-animation-wobble-horizontal\" href=\"http:\/\/www.donmezlertarim.com\/en\/urunler\/\">\n\t\t\t\t<i aria-hidden=\"true\" class=\"icon dticon-arrow-forward-outline\"><\/i>\t\t\t\t<\/a>\n\t\t\t<\/div>\n\t\t\t\t\t\t<div class=\"elementor-icon-box-content\">\n\t\t\t\t<div class=\"elementor-icon-box-title\">\n\t\t\t\t\t<a href=\"http:\/\/www.donmezlertarim.com\/en\/urunler\/\" >\n\t\t\t\t\t\tView All Products\t\t\t\t\t<\/a>\n\t\t\t\t<\/div>\n\t\t\t\t\t\t\t<\/div>\n\t\t<\/div>\n\t\t\t\t<\/div>\n\t\t\t\t<\/div>\n\t\t\t\t\t<\/div>\n\t\t<\/div>\n\t\t\t\t\t\t\t<\/div>\n\t\t<\/section>\n\t\t\t\t<div class=\"elementor-element elementor-element-607c08df elementor-widget elementor-widget-epic_block_37_elementor\" data-id=\"607c08df\" data-element_type=\"widget\" data-widget_type=\"epic_block_37_elementor.default\">\n\t\t\t\t<div class=\"elementor-widget-container\">\n\t\t\t<div  class=\"jeg_postblock_37 jeg_postblock jeg_module_hook jeg_pagination_scrollload jeg_col_2o3 epic_module__0_69e3ce4343409\" data-unique=\"epic_module__0_69e3ce4343409\">\n                \n                <div class=\"jeg_block_container\">\n                \n                <div class=\"jeg_posts_wrap\">\n                <div class=\"jeg_posts jeg_load_more_flag\"> \n                    <article class=\"jeg_post box_shadow post-919 post type-post status-publish format-standard has-post-thumbnail hentry category-kaldiraclar\">\n\t\t\t\t<div class='box_wrap'>\n\t\t\t\t\t<div class=\"jeg_thumb\">\n\t\t                \n\t\t                <a href=\"http:\/\/www.donmezlertarim.com\/en\/kaldirac\/\"><div class=\"thumbnail-container animate-lazy  size-715\"><img width=\"350\" height=\"234\" src=\"http:\/\/www.donmezlertarim.com\/labusod\/epic-news-element\/assets\/img\/jeg-empty.png\" class=\"attachment-epic-350x250 size-epic-350x250 lazyload wp-post-image\" alt=\"Kald\u0131ra\u00e7\" decoding=\"async\" loading=\"lazy\" data-src=\"http:\/\/www.donmezlertarim.com\/arsiv\/dmslvr-01.jpg\" data-sizes=\"auto\" data-srcset=\"http:\/\/www.donmezlertarim.com\/arsiv\/dmslvr-01.jpg 1363w, http:\/\/www.donmezlertarim.com\/arsiv\/dmslvr-01-300x201.jpg 300w, http:\/\/www.donmezlertarim.com\/arsiv\/dmslvr-01-1024x684.jpg 1024w, http:\/\/www.donmezlertarim.com\/arsiv\/dmslvr-01-768x513.jpg 768w\" data-expand=\"700\" \/><\/div><\/a>\n\t\t                <div class=\"jeg_post_category\">\n\t\t                    <span><a href=\"http:\/\/www.donmezlertarim.com\/en\/category\/kaldiraclar\/\" class=\"category-kaldiraclar\">Lever<\/a><\/span>\n\t\t                <\/div>\n\t\t            <\/div>\n\t\t            <div class=\"jeg_postblock_content\">\n\t\t                <h3 class=\"jeg_post_title\">\n\t\t                    <a href=\"http:\/\/www.donmezlertarim.com\/en\/kaldirac\/\">Lever<\/a>\n\t\t                <\/h3>\n\t\t                <div class=\"jeg_post_meta\"><div class=\"jeg_meta_date\"><a href=\"http:\/\/www.donmezlertarim.com\/en\/kaldirac\/\" ><i class=\"fa fa-clock-o\"><\/i> 31 October 2021<\/a><\/div><\/div>\n\t\t            <\/div>\n\t\t\t\t<\/div>\n\t        <\/article>\n                <\/div>\n            <\/div>\n                <div class='module-overlay'>\n                <div class='preloader_type preloader_dot'>\n                    <div class=\"module-preloader jeg_preloader dot\">\n                        <span><\/span><span><\/span><span><\/span>\n                    <\/div>\n                    <div class=\"module-preloader jeg_preloader circle\">\n                        <div class=\"epic_preloader_circle_outer\">\n                            <div class=\"epic_preloader_circle_inner\"><\/div>\n                        <\/div>\n                    <\/div>\n                    <div class=\"module-preloader jeg_preloader square\">\n                        <div class=\"jeg_square\"><div class=\"jeg_square_inner\"><\/div><\/div>\n                    <\/div>\n                <\/div>\n            <\/div>\n            <\/div>\n            <div class=\"jeg_block_navigation\">\n                <div class='navigation_overlay'><div class='module-preloader jeg_preloader'><span><\/span><span><\/span><span><\/span><\/div><\/div>\n                <div class=\"jeg_block_loadmore inactive\">\n                    <a href=\"#\" class='disabled' data-load='Load More' data-loading='Loading...'> Load More<\/a>\n                <\/div>\n                \n            <\/div>\n                \n                <script>var epic_module__0_69e3ce4343409 = {\"header_icon\":\"\",\"first_title\":\"\",\"second_title\":\"\",\"url\":\"\",\"header_type\":\"heading_6\",\"header_background\":\"\",\"header_secondary_background\":\"\",\"header_text_color\":\"\",\"header_line_color\":\"\",\"header_accent_color\":\"\",\"header_filter_category\":\"\",\"header_filter_author\":\"\",\"header_filter_tag\":\"\",\"header_filter_text\":\"All\",\"post_type\":\"post\",\"number_post\":{\"unit\":\"px\",\"size\":6,\"sizes\":[]},\"post_offset\":\"\",\"unique_content\":\"disable\",\"include_post\":\"\",\"exclude_post\":\"\",\"include_category\":\"14\",\"exclude_category\":\"\",\"include_author\":\"\",\"include_tag\":\"\",\"exclude_tag\":\"\",\"r3d_category\":\"\",\"r3d_author\":\"\",\"sort_by\":\"latest\",\"date_format\":\"default\",\"date_format_custom\":\"Y\\\/m\\\/d\",\"pagination_mode\":\"scrollload\",\"pagination_nextprev_showtext\":\"\",\"pagination_number_post\":{\"unit\":\"px\",\"size\":4,\"sizes\":[]},\"pagination_scroll_limit\":0,\"el_id\":\"\",\"el_class\":\"\",\"scheme\":\"\",\"column_width\":\"8\",\"title_color\":\"\",\"accent_color\":\"\",\"alt_color\":\"\",\"block_background\":\"\",\"box_shadow\":\"yes\",\"css\":\"\",\"title_typography_typography\":\"\",\"title_typography_font_family\":\"\",\"title_typography_font_size\":{\"unit\":\"px\",\"size\":\"\",\"sizes\":[]},\"title_typography_font_weight\":\"\",\"title_typography_text_transform\":\"\",\"title_typography_font_style\":\"\",\"title_typography_text_decoration\":\"\",\"title_typography_line_height\":{\"unit\":\"px\",\"size\":\"\",\"sizes\":[]},\"title_typography_letter_spacing\":{\"unit\":\"px\",\"size\":\"\",\"sizes\":[]},\"meta_typography_typography\":\"\",\"meta_typography_font_family\":\"\",\"meta_typography_font_size\":{\"unit\":\"px\",\"size\":\"\",\"sizes\":[]},\"meta_typography_font_weight\":\"\",\"meta_typography_text_transform\":\"\",\"meta_typography_font_style\":\"\",\"meta_typography_text_decoration\":\"\",\"meta_typography_line_height\":{\"unit\":\"px\",\"size\":\"\",\"sizes\":[]},\"meta_typography_letter_spacing\":{\"unit\":\"px\",\"size\":\"\",\"sizes\":[]},\"_title\":\"\",\"_margin\":{\"unit\":\"px\",\"top\":\"\",\"right\":\"\",\"bottom\":\"\",\"left\":\"\",\"isLinked\":true},\"_padding\":{\"unit\":\"px\",\"top\":\"\",\"right\":\"\",\"bottom\":\"\",\"left\":\"\",\"isLinked\":true},\"_z_index\":\"\",\"_element_id\":\"\",\"_css_classes\":\"\",\"trp_language_restriction\":\"\",\"trp_language_restriction_automatic_translation\":\"\",\"trp_restricted_languages\":\"\",\"trp_exclude_handler\":\"\",\"trp_excluded_languages\":\"\",\"motion_fx_motion_fx_scrolling\":\"\",\"motion_fx_translateY_effect\":\"\",\"motion_fx_translateY_direction\":\"\",\"motion_fx_translateY_speed\":{\"unit\":\"px\",\"size\":4,\"sizes\":[]},\"motion_fx_translateY_affectedRange\":{\"unit\":\"%\",\"size\":\"\",\"sizes\":{\"start\":0,\"end\":100}},\"motion_fx_translateX_effect\":\"\",\"motion_fx_translateX_direction\":\"\",\"motion_fx_translateX_speed\":{\"unit\":\"px\",\"size\":4,\"sizes\":[]},\"motion_fx_translateX_affectedRange\":{\"unit\":\"%\",\"size\":\"\",\"sizes\":{\"start\":0,\"end\":100}},\"motion_fx_opacity_effect\":\"\",\"motion_fx_opacity_direction\":\"out-in\",\"motion_fx_opacity_level\":{\"unit\":\"px\",\"size\":10,\"sizes\":[]},\"motion_fx_opacity_range\":{\"unit\":\"%\",\"size\":\"\",\"sizes\":{\"start\":20,\"end\":80}},\"motion_fx_blur_effect\":\"\",\"motion_fx_blur_direction\":\"out-in\",\"motion_fx_blur_level\":{\"unit\":\"px\",\"size\":7,\"sizes\":[]},\"motion_fx_blur_range\":{\"unit\":\"%\",\"size\":\"\",\"sizes\":{\"start\":20,\"end\":80}},\"motion_fx_rotateZ_effect\":\"\",\"motion_fx_rotateZ_direction\":\"\",\"motion_fx_rotateZ_speed\":{\"unit\":\"px\",\"size\":1,\"sizes\":[]},\"motion_fx_rotateZ_affectedRange\":{\"unit\":\"%\",\"size\":\"\",\"sizes\":{\"start\":0,\"end\":100}},\"motion_fx_scale_effect\":\"\",\"motion_fx_scale_direction\":\"out-in\",\"motion_fx_scale_speed\":{\"unit\":\"px\",\"size\":4,\"sizes\":[]},\"motion_fx_scale_range\":{\"unit\":\"%\",\"size\":\"\",\"sizes\":{\"start\":20,\"end\":80}},\"motion_fx_transform_origin_x\":\"center\",\"motion_fx_transform_origin_y\":\"center\",\"motion_fx_devices\":[\"desktop\",\"tablet\",\"mobile\"],\"motion_fx_range\":\"\",\"motion_fx_motion_fx_mouse\":\"\",\"motion_fx_mouseTrack_effect\":\"\",\"motion_fx_mouseTrack_direction\":\"\",\"motion_fx_mouseTrack_speed\":{\"unit\":\"px\",\"size\":1,\"sizes\":[]},\"motion_fx_tilt_effect\":\"\",\"motion_fx_tilt_direction\":\"\",\"motion_fx_tilt_speed\":{\"unit\":\"px\",\"size\":4,\"sizes\":[]},\"sticky\":\"\",\"sticky_on\":[\"desktop\",\"tablet\",\"mobile\"],\"sticky_offset\":0,\"sticky_offset_tablet\":\"\",\"sticky_offset_mobile\":\"\",\"sticky_effects_offset\":0,\"sticky_effects_offset_tablet\":\"\",\"sticky_effects_offset_mobile\":\"\",\"sticky_parent\":\"\",\"_animation\":\"\",\"_animation_tablet\":\"\",\"_animation_mobile\":\"\",\"animation_duration\":\"\",\"_animation_delay\":\"\",\"_background_background\":\"\",\"_background_color\":\"\",\"_background_color_stop\":{\"unit\":\"%\",\"size\":0,\"sizes\":[]},\"_background_color_b\":\"#f2295b\",\"_background_color_b_stop\":{\"unit\":\"%\",\"size\":100,\"sizes\":[]},\"_background_gradient_type\":\"linear\",\"_background_gradient_angle\":{\"unit\":\"deg\",\"size\":180,\"sizes\":[]},\"_background_gradient_position\":\"center center\",\"_background_image\":{\"url\":\"\",\"id\":\"\"},\"_background_position\":\"\",\"_background_xpos\":{\"unit\":\"px\",\"size\":0,\"sizes\":[]},\"_background_ypos\":{\"unit\":\"px\",\"size\":0,\"sizes\":[]},\"_background_attachment\":\"\",\"_background_repeat\":\"\",\"_background_size\":\"\",\"_background_bg_width\":{\"unit\":\"%\",\"size\":100,\"sizes\":[]},\"_background_video_link\":\"\",\"_background_video_start\":\"\",\"_background_video_end\":\"\",\"_background_play_once\":\"\",\"_background_play_on_mobile\":\"\",\"_background_privacy_mode\":\"\",\"_background_video_fallback\":{\"url\":\"\",\"id\":\"\"},\"_background_slideshow_gallery\":[],\"_background_slideshow_loop\":\"yes\",\"_background_slideshow_slide_duration\":5000,\"_background_slideshow_slide_transition\":\"fade\",\"_background_slideshow_transition_duration\":500,\"_background_slideshow_background_size\":\"\",\"_background_slideshow_background_position\":\"\",\"_background_slideshow_ken_burns\":\"\",\"_background_slideshow_ken_burns_zoom_direction\":\"in\",\"_background_hover_background\":\"\",\"_background_hover_color\":\"\",\"_background_hover_color_stop\":{\"unit\":\"%\",\"size\":0,\"sizes\":[]},\"_background_hover_color_b\":\"#f2295b\",\"_background_hover_color_b_stop\":{\"unit\":\"%\",\"size\":100,\"sizes\":[]},\"_background_hover_gradient_type\":\"linear\",\"_background_hover_gradient_angle\":{\"unit\":\"deg\",\"size\":180,\"sizes\":[]},\"_background_hover_gradient_position\":\"center center\",\"_background_hover_image\":{\"url\":\"\",\"id\":\"\"},\"_background_hover_position\":\"\",\"_background_hover_xpos\":{\"unit\":\"px\",\"size\":0,\"sizes\":[]},\"_background_hover_ypos\":{\"unit\":\"px\",\"size\":0,\"sizes\":[]},\"_background_hover_attachment\":\"\",\"_background_hover_repeat\":\"\",\"_background_hover_size\":\"\",\"_background_hover_bg_width\":{\"unit\":\"%\",\"size\":100,\"sizes\":[]},\"_background_hover_video_link\":\"\",\"_background_hover_video_start\":\"\",\"_background_hover_video_end\":\"\",\"_background_hover_play_once\":\"\",\"_background_hover_play_on_mobile\":\"\",\"_background_hover_privacy_mode\":\"\",\"_background_hover_video_fallback\":{\"url\":\"\",\"id\":\"\"},\"_background_hover_slideshow_gallery\":[],\"_background_hover_slideshow_loop\":\"yes\",\"_background_hover_slideshow_slide_duration\":5000,\"_background_hover_slideshow_slide_transition\":\"fade\",\"_background_hover_slideshow_transition_duration\":500,\"_background_hover_slideshow_background_size\":\"\",\"_background_hover_slideshow_background_position\":\"\",\"_background_hover_slideshow_ken_burns\":\"\",\"_background_hover_slideshow_ken_burns_zoom_direction\":\"in\",\"_background_hover_transition\":{\"unit\":\"px\",\"size\":\"\",\"sizes\":[]},\"_border_border\":\"\",\"_border_width\":{\"unit\":\"px\",\"top\":\"\",\"right\":\"\",\"bottom\":\"\",\"left\":\"\",\"isLinked\":true},\"_border_color\":\"\",\"_border_radius\":{\"unit\":\"px\",\"top\":\"\",\"right\":\"\",\"bottom\":\"\",\"left\":\"\",\"isLinked\":true},\"_box_shadow_box_shadow_type\":\"\",\"_box_shadow_box_shadow\":{\"horizontal\":0,\"vertical\":0,\"blur\":10,\"spread\":0,\"color\":\"rgba(0,0,0,0.5)\"},\"_box_shadow_box_shadow_position\":\" \",\"_border_hover_border\":\"\",\"_border_hover_width\":{\"unit\":\"px\",\"top\":\"\",\"right\":\"\",\"bottom\":\"\",\"left\":\"\",\"isLinked\":true},\"_border_hover_color\":\"\",\"_border_radius_hover\":{\"unit\":\"px\",\"top\":\"\",\"right\":\"\",\"bottom\":\"\",\"left\":\"\",\"isLinked\":true},\"_box_shadow_hover_box_shadow_type\":\"\",\"_box_shadow_hover_box_shadow\":{\"horizontal\":0,\"vertical\":0,\"blur\":10,\"spread\":0,\"color\":\"rgba(0,0,0,0.5)\"},\"_box_shadow_hover_box_shadow_position\":\" \",\"_border_hover_transition\":{\"unit\":\"px\",\"size\":\"\",\"sizes\":[]},\"_mask_switch\":\"\",\"_mask_shape\":\"circle\",\"_mask_image\":{\"url\":\"\",\"id\":\"\"},\"_mask_notice\":\"\",\"_mask_size\":\"contain\",\"_mask_size_scale\":{\"unit\":\"%\",\"size\":100,\"sizes\":[]},\"_mask_position\":\"center center\",\"_mask_position_x\":{\"unit\":\"%\",\"size\":0,\"sizes\":[]},\"_mask_position_y\":{\"unit\":\"%\",\"size\":0,\"sizes\":[]},\"_mask_repeat\":\"no-repeat\",\"_element_width\":\"\",\"_element_width_tablet\":\"\",\"_element_width_mobile\":\"\",\"_element_custom_width\":{\"unit\":\"px\",\"size\":\"\",\"sizes\":[]},\"_element_vertical_align\":\"\",\"_position\":\"\",\"_offset_orientation_h\":\"start\",\"_offset_x\":{\"unit\":\"px\",\"size\":\"0\",\"sizes\":[]},\"_offset_x_end\":{\"unit\":\"px\",\"size\":\"0\",\"sizes\":[]},\"_offset_orientation_v\":\"start\",\"_offset_y\":{\"unit\":\"px\",\"size\":\"0\",\"sizes\":[]},\"_offset_y_end\":{\"unit\":\"px\",\"size\":\"0\",\"sizes\":[]},\"hide_desktop\":\"\",\"hide_tablet\":\"\",\"hide_mobile\":\"\",\"_attributes\":\"\",\"custom_css\":\"\",\"paged\":1,\"column_class\":\"jeg_col_2o3\",\"class\":\"epic_block_37\"};<\/script>\n            <\/div>\t\t<\/div>\n\t\t\t\t<\/div>\n\t\t\t\t<section class=\"elementor-section elementor-inner-section elementor-element elementor-element-416346e elementor-section-boxed elementor-section-height-default elementor-section-height-default\" data-id=\"416346e\" data-element_type=\"section\">\n\t\t\t\t\t\t<div class=\"elementor-container elementor-column-gap-wider\">\n\t\t\t\t\t<div class=\"elementor-column elementor-col-20 elementor-inner-column elementor-element elementor-element-ae46c05\" data-id=\"ae46c05\" data-element_type=\"column\" data-settings=\"{&quot;background_background&quot;:&quot;classic&quot;}\">\n\t\t\t<div class=\"elementor-widget-wrap elementor-element-populated\">\n\t\t\t\t\t\t\t\t<div class=\"elementor-element elementor-element-95c19af elementor-widget elementor-widget-button\" data-id=\"95c19af\" data-element_type=\"widget\" data-widget_type=\"button.default\">\n\t\t\t\t<div class=\"elementor-widget-container\">\n\t\t\t\t\t<div class=\"elementor-button-wrapper\">\n\t\t\t<a href=\"http:\/\/www.donmezlertarim.com\/en\/cift-diskli-gubre-serpme-makineleri\/\" class=\"elementor-button-link elementor-button elementor-size-sm\" role=\"button\">\n\t\t\t\t\t\t<span class=\"elementor-button-content-wrapper\">\n\t\t\t\t\t\t<span class=\"elementor-button-text\">Double Discs Fertilizer Spreader<\/span>\n\t\t<\/span>\n\t\t\t\t\t<\/a>\n\t\t<\/div>\n\t\t\t\t<\/div>\n\t\t\t\t<\/div>\n\t\t\t\t\t<\/div>\n\t\t<\/div>\n\t\t\t\t<div class=\"elementor-column elementor-col-20 elementor-inner-column elementor-element elementor-element-bb8a970\" data-id=\"bb8a970\" data-element_type=\"column\" data-settings=\"{&quot;background_background&quot;:&quot;classic&quot;}\">\n\t\t\t<div class=\"elementor-widget-wrap elementor-element-populated\">\n\t\t\t\t\t\t\t\t<div class=\"elementor-element elementor-element-2a6dcc0 elementor-widget elementor-widget-button\" data-id=\"2a6dcc0\" data-element_type=\"widget\" data-widget_type=\"button.default\">\n\t\t\t\t<div class=\"elementor-widget-container\">\n\t\t\t\t\t<div class=\"elementor-button-wrapper\">\n\t\t\t<a href=\"http:\/\/www.donmezlertarim.com\/en\/tek-diskli-gubre-serpme-makinalari\/\" class=\"elementor-button-link elementor-button elementor-size-sm\" role=\"button\">\n\t\t\t\t\t\t<span class=\"elementor-button-content-wrapper\">\n\t\t\t\t\t\t<span class=\"elementor-button-text\">Single Discs Fertilizer Spreader<\/span>\n\t\t<\/span>\n\t\t\t\t\t<\/a>\n\t\t<\/div>\n\t\t\t\t<\/div>\n\t\t\t\t<\/div>\n\t\t\t\t\t<\/div>\n\t\t<\/div>\n\t\t\t\t<div class=\"elementor-column elementor-col-20 elementor-inner-column elementor-element elementor-element-de7dd09\" data-id=\"de7dd09\" data-element_type=\"column\" data-settings=\"{&quot;background_background&quot;:&quot;classic&quot;}\">\n\t\t\t<div class=\"elementor-widget-wrap elementor-element-populated\">\n\t\t\t\t\t\t\t\t<div class=\"elementor-element elementor-element-7f48631 elementor-widget elementor-widget-button\" data-id=\"7f48631\" data-element_type=\"widget\" data-widget_type=\"button.default\">\n\t\t\t\t<div class=\"elementor-widget-container\">\n\t\t\t\t\t<div class=\"elementor-button-wrapper\">\n\t\t\t<a href=\"http:\/\/www.donmezlertarim.com\/en\/agac-arasi-gubre-serpme-makineleri\/\" class=\"elementor-button-link elementor-button elementor-size-sm\" role=\"button\">\n\t\t\t\t\t\t<span class=\"elementor-button-content-wrapper\">\n\t\t\t\t\t\t<span class=\"elementor-button-text\">Fertilizing Between Trees<\/span>\n\t\t<\/span>\n\t\t\t\t\t<\/a>\n\t\t<\/div>\n\t\t\t\t<\/div>\n\t\t\t\t<\/div>\n\t\t\t\t\t<\/div>\n\t\t<\/div>\n\t\t\t\t<div class=\"elementor-column elementor-col-20 elementor-inner-column elementor-element elementor-element-0cc1e9d\" data-id=\"0cc1e9d\" data-element_type=\"column\" data-settings=\"{&quot;background_background&quot;:&quot;classic&quot;}\">\n\t\t\t<div class=\"elementor-widget-wrap elementor-element-populated\">\n\t\t\t\t\t\t\t\t<div class=\"elementor-element elementor-element-9d94bae elementor-align-center elementor-widget elementor-widget-button\" data-id=\"9d94bae\" data-element_type=\"widget\" data-widget_type=\"button.default\">\n\t\t\t\t<div class=\"elementor-widget-container\">\n\t\t\t\t\t<div class=\"elementor-button-wrapper\">\n\t\t\t<a href=\"http:\/\/www.donmezlertarim.com\/en\/kepceler\/\" class=\"elementor-button-link elementor-button elementor-size-sm\" role=\"button\">\n\t\t\t\t\t\t<span class=\"elementor-button-content-wrapper\">\n\t\t\t\t\t\t<span class=\"elementor-button-text\">Tractor Rear Bucket<\/span>\n\t\t<\/span>\n\t\t\t\t\t<\/a>\n\t\t<\/div>\n\t\t\t\t<\/div>\n\t\t\t\t<\/div>\n\t\t\t\t\t<\/div>\n\t\t<\/div>\n\t\t\t\t<div class=\"elementor-column elementor-col-20 elementor-inner-column elementor-element elementor-element-1982c71\" data-id=\"1982c71\" data-element_type=\"column\" data-settings=\"{&quot;background_background&quot;:&quot;classic&quot;}\">\n\t\t\t<div class=\"elementor-widget-wrap elementor-element-populated\">\n\t\t\t\t\t\t\t\t<div class=\"elementor-element elementor-element-49ff1f9 elementor-align-center elementor-widget elementor-widget-button\" data-id=\"49ff1f9\" data-element_type=\"widget\" data-widget_type=\"button.default\">\n\t\t\t\t<div class=\"elementor-widget-container\">\n\t\t\t\t\t<div class=\"elementor-button-wrapper\">\n\t\t\t<a href=\"http:\/\/www.donmezlertarim.com\/en\/kaldiraclar\/\" class=\"elementor-button-link elementor-button elementor-size-sm\" role=\"button\">\n\t\t\t\t\t\t<span class=\"elementor-button-content-wrapper\">\n\t\t\t\t\t\t<span class=\"elementor-button-text\">Lever<\/span>\n\t\t<\/span>\n\t\t\t\t\t<\/a>\n\t\t<\/div>\n\t\t\t\t<\/div>\n\t\t\t\t<\/div>\n\t\t\t\t\t<\/div>\n\t\t<\/div>\n\t\t\t\t\t\t\t<\/div>\n\t\t<\/section>\n\t\t\t\t\t<\/div>\n\t\t<\/div>\n\t\t\t\t\t\t\t<\/div>\n\t\t<\/section>\n\t\t\t\t\t\t<\/div>\n\t\t\t\t\t<\/div>","protected":false},"excerpt":{"rendered":"<p>Kald\u0131ra\u00e7lar \u00dcr\u00fcnler Kald\u0131ra\u00e7lar T\u00fcm \u00dcr\u00fcnleri G\u00f6r\u00fcnt\u00fcle edit post Kald\u0131ra\u00e7lar Kald\u0131ra\u00e7 31 Ekim 2021 Load More \u00c7if Diskli G\u00fcbre Makineleri Tek Diskli G\u00fcbre Makineleri A\u011fa\u00e7 Aras\u0131 G\u00fcbre Serpme Makineleri Kep\u00e7eler Kald\u0131ra\u00e7lar<\/p>","protected":false},"author":1,"featured_media":0,"parent":0,"menu_order":0,"comment_status":"closed","ping_status":"closed","template":"","meta":[],"_links":{"self":[{"href":"http:\/\/www.donmezlertarim.com\/en\/wp-json\/wp\/v2\/pages\/1104"}],"collection":[{"href":"http:\/\/www.donmezlertarim.com\/en\/wp-json\/wp\/v2\/pages"}],"about":[{"href":"http:\/\/www.donmezlertarim.com\/en\/wp-json\/wp\/v2\/types\/page"}],"author":[{"embeddable":true,"href":"http:\/\/www.donmezlertarim.com\/en\/wp-json\/wp\/v2\/users\/1"}],"replies":[{"embeddable":true,"href":"http:\/\/www.donmezlertarim.com\/en\/wp-json\/wp\/v2\/comments?post=1104"}],"version-history":[{"count":7,"href":"http:\/\/www.donmezlertarim.com\/en\/wp-json\/wp\/v2\/pages\/1104\/revisions"}],"predecessor-version":[{"id":1115,"href":"http:\/\/www.donmezlertarim.com\/en\/wp-json\/wp\/v2\/pages\/1104\/revisions\/1115"}],"wp:attachment":[{"href":"http:\/\/www.donmezlertarim.com\/en\/wp-json\/wp\/v2\/media?parent=1104"}],"curies":[{"name":"wp","href":"https:\/\/api.w.org\/{rel}","templated":true}]}}