{"id":625,"date":"2021-10-29T22:10:32","date_gmt":"2021-10-29T19:10:32","guid":{"rendered":"http:\/\/www.donmezlertarim.com\/?page_id=625"},"modified":"2021-10-31T15:23:00","modified_gmt":"2021-10-31T12:23:00","slug":"haberler","status":"publish","type":"page","link":"http:\/\/www.donmezlertarim.com\/en\/haberler\/","title":{"rendered":"News"},"content":{"rendered":"<div data-elementor-type=\"wp-page\" data-elementor-id=\"625\" class=\"elementor elementor-625\" data-elementor-settings=\"[]\">\n\t\t\t\t\t\t\t<div class=\"elementor-section-wrap\">\n\t\t\t\t\t\t\t<section class=\"elementor-section elementor-top-section elementor-element elementor-element-1bb7ddac elementor-section-height-min-height elementor-section-boxed elementor-section-height-default elementor-section-items-middle\" data-id=\"1bb7ddac\" data-element_type=\"section\" data-settings=\"{&quot;background_background&quot;:&quot;classic&quot;}\">\n\t\t\t\t\t\t\t<div class=\"elementor-background-overlay\"><\/div>\n\t\t\t\t\t\t\t<div class=\"elementor-container elementor-column-gap-wider\">\n\t\t\t\t\t<div class=\"elementor-column elementor-col-100 elementor-top-column elementor-element elementor-element-2a2074f3\" data-id=\"2a2074f3\" data-element_type=\"column\">\n\t\t\t<div class=\"elementor-widget-wrap elementor-element-populated\">\n\t\t\t\t\t\t\t\t<div class=\"elementor-element elementor-element-5ec37f5 elementor-invisible elementor-widget elementor-widget-heading\" data-id=\"5ec37f5\" data-element_type=\"widget\" data-settings=\"{&quot;_animation&quot;:&quot;fadeInUp&quot;,&quot;_animation_delay&quot;:600}\" data-widget_type=\"heading.default\">\n\t\t\t\t<div class=\"elementor-widget-container\">\n\t\t\t<h1 class=\"elementor-heading-title elementor-size-default\">Farmer Form<\/h1>\t\t<\/div>\n\t\t\t\t<\/div>\n\t\t\t\t\t<\/div>\n\t\t<\/div>\n\t\t\t\t\t\t\t<\/div>\n\t\t<\/section>\n\t\t\t\t<section class=\"elementor-section elementor-top-section elementor-element elementor-element-3c265c52 elementor-section-boxed elementor-section-height-default elementor-section-height-default\" data-id=\"3c265c52\" data-element_type=\"section\" data-settings=\"{&quot;background_background&quot;:&quot;classic&quot;}\">\n\t\t\t\t\t\t<div class=\"elementor-container elementor-column-gap-no\">\n\t\t\t\t\t<div class=\"elementor-column elementor-col-100 elementor-top-column elementor-element elementor-element-2ae28880\" data-id=\"2ae28880\" data-element_type=\"column\">\n\t\t\t<div class=\"elementor-widget-wrap elementor-element-populated\">\n\t\t\t\t\t\t\t\t<section class=\"elementor-section elementor-inner-section elementor-element elementor-element-3cf7b443 elementor-section-boxed elementor-section-height-default elementor-section-height-default\" data-id=\"3cf7b443\" data-element_type=\"section\" data-settings=\"{&quot;background_background&quot;:&quot;classic&quot;}\">\n\t\t\t\t\t\t<div class=\"elementor-container elementor-column-gap-wider\">\n\t\t\t\t\t<div class=\"elementor-column elementor-col-100 elementor-inner-column elementor-element elementor-element-5b3fce98\" data-id=\"5b3fce98\" data-element_type=\"column\">\n\t\t\t<div class=\"elementor-widget-wrap elementor-element-populated\">\n\t\t\t\t\t\t\t\t<div class=\"elementor-element elementor-element-77b6f2eb elementor-invisible elementor-widget elementor-widget-heading\" data-id=\"77b6f2eb\" data-element_type=\"widget\" data-settings=\"{&quot;_animation&quot;:&quot;fadeIn&quot;,&quot;_animation_delay&quot;:&quot;800&quot;}\" data-widget_type=\"heading.default\">\n\t\t\t\t<div class=\"elementor-widget-container\">\n\t\t\t<div class=\"elementor-heading-title elementor-size-default\">D\u00f6nmezler Agriculture<\/div>\t\t<\/div>\n\t\t\t\t<\/div>\n\t\t\t\t<div class=\"elementor-element elementor-element-2a1acace elementor-invisible elementor-widget elementor-widget-heading\" data-id=\"2a1acace\" data-element_type=\"widget\" data-settings=\"{&quot;_animation&quot;:&quot;fadeInUp&quot;,&quot;_animation_delay&quot;:600}\" data-widget_type=\"heading.default\">\n\t\t\t\t<div class=\"elementor-widget-container\">\n\t\t\t<h2 class=\"elementor-heading-title elementor-size-default\">The latest news<\/h2>\t\t<\/div>\n\t\t\t\t<\/div>\n\t\t\t\t\t<\/div>\n\t\t<\/div>\n\t\t\t\t\t\t\t<\/div>\n\t\t<\/section>\n\t\t\t\t\t<\/div>\n\t\t<\/div>\n\t\t\t\t\t\t\t<\/div>\n\t\t<\/section>\n\t\t\t\t<section class=\"elementor-section elementor-top-section elementor-element elementor-element-307aab50 elementor-section-boxed elementor-section-height-default elementor-section-height-default\" data-id=\"307aab50\" data-element_type=\"section\" data-settings=\"{&quot;background_background&quot;:&quot;classic&quot;}\">\n\t\t\t\t\t\t<div class=\"elementor-container elementor-column-gap-wider\">\n\t\t\t\t\t<div class=\"elementor-column elementor-col-100 elementor-top-column elementor-element elementor-element-7ffe4409\" data-id=\"7ffe4409\" data-element_type=\"column\">\n\t\t\t<div class=\"elementor-widget-wrap elementor-element-populated\">\n\t\t\t\t\t\t\t\t<div class=\"elementor-element elementor-element-aa8c316 elementor-widget elementor-widget-epic_block_2_elementor\" data-id=\"aa8c316\" data-element_type=\"widget\" data-widget_type=\"epic_block_2_elementor.default\">\n\t\t\t\t<div class=\"elementor-widget-container\">\n\t\t\t<div  class=\"jeg_postblock_2 jeg_postblock jeg_module_hook jeg_pagination_scrollload jeg_col_3o3 epic_module__0_69e3b32b19ac9\" data-unique=\"epic_module__0_69e3b32b19ac9\">\n                \n                <div class=\"jeg_block_container\">\n                \n                <article class=\"jeg_post jeg_pl_lg_2 post-1 post type-post status-publish format-standard has-post-thumbnail hentry category-guncel-basliklar\">\n                <div class=\"jeg_thumb\">\n                \n                <a href=\"http:\/\/www.donmezlertarim.com\/en\/gubreyi-nezaman-nasil-kullanmaliyiz\/\"><div class=\"thumbnail-container animate-lazy  size-715\"><img width=\"350\" height=\"163\" src=\"http:\/\/www.donmezlertarim.com\/labusod\/epic-news-element\/assets\/img\/jeg-empty.png\" class=\"attachment-epic-350x250 size-epic-350x250 lazyload wp-post-image\" alt=\"G\u00fcbreyi Nas\u0131l ve Ne Zaman Kullanmal\u0131y\u0131z?\" decoding=\"async\" loading=\"lazy\" data-src=\"http:\/\/www.donmezlertarim.com\/arsiv\/donmezler-gubreleme.jpg\" data-sizes=\"auto\" data-srcset=\"http:\/\/www.donmezlertarim.com\/arsiv\/donmezler-gubreleme.jpg 2048w, http:\/\/www.donmezlertarim.com\/arsiv\/donmezler-gubreleme-300x139.jpg 300w, http:\/\/www.donmezlertarim.com\/arsiv\/donmezler-gubreleme-1024x476.jpg 1024w, http:\/\/www.donmezlertarim.com\/arsiv\/donmezler-gubreleme-768x357.jpg 768w, http:\/\/www.donmezlertarim.com\/arsiv\/donmezler-gubreleme-1536x714.jpg 1536w, http:\/\/www.donmezlertarim.com\/arsiv\/donmezler-gubreleme-1568x729.jpg 1568w\" data-expand=\"700\" \/><\/div><\/a>\n                <div class=\"jeg_post_category\">\n                    <span><a href=\"http:\/\/www.donmezlertarim.com\/en\/category\/guncel-basliklar\/\" class=\"category-guncel-basliklar\">News<\/a><\/span>\n                <\/div>\n            <\/div>\n            <div class=\"jeg_postblock_content\">\n                <h3 class=\"jeg_post_title\">\n                    <a href=\"http:\/\/www.donmezlertarim.com\/en\/gubreyi-nezaman-nasil-kullanmaliyiz\/\">How and When Should We Use Fertilizer?<\/a>\n                <\/h3>\n                <div class=\"jeg_post_meta\"><div class=\"jeg_meta_author\"><span class=\"by\">by<\/span> <a href=\"http:\/\/www.donmezlertarim.com\/en\/author\/admin\/\">@admin<\/a><\/div><div class=\"jeg_meta_date\"><a href=\"http:\/\/www.donmezlertarim.com\/en\/gubreyi-nezaman-nasil-kullanmaliyiz\/\"><i class=\"fa fa-clock-o\"><\/i> 4 years ago<\/a><\/div><div class=\"jeg_meta_comment\"><a href=\"http:\/\/www.donmezlertarim.com\/en\/gubreyi-nezaman-nasil-kullanmaliyiz\/#respond\" ><i class=\"fa fa-comment-o\"><\/i> 0<\/a><\/div><\/div>\n                <div class=\"jeg_post_excerpt\">\n                    <p>Bu sorunun cevab\u0131n\u0131 g\u00fcbrelerin verilme \u015fekli ve g\u00fcbrelerin uygulama zaman\u0131 olarak iki ba\u015fl\u0131k alt\u0131nda g\u00f6rece\u011fiz. 1. G\u00dcBRELER\u0130N VER\u0130LME \u015eEKL\u0130 G\u00fcbreler genellikle EL veya MAK\u0130NE ile topra\u011f\u0131n \u00fcst\u00fcne SERP\u0130LEREK verilmekte ya da tohum veya bitkiden belirli uzakl\u0131klarda olmak \u00fczere \u00e7izgi halindeki bir BANDA veya bitki etraf\u0131ndaki OCA\u011eA verilmektedir. A. Serpme Usul\u00fc g\u00fcbreleme: G\u00fcbre, ya ekimden \u00f6nce toprak y\u00fczeyine serpildikten sonra belirli toprak i\u015fleme aletleri ile topra\u011fa g\u00f6m\u00fcl\u00fcr ve sonra ekim yap\u0131l\u0131r ya da ekimden hemen \u00f6nce toprak y\u00fczeyine serpilen g\u00fcbre ekim i\u015flemi ile toprakla kar\u0131\u015ft\u0131r\u0131l\u0131r. Bir\u00e7ok hallerde ekimden sonra da serpme usul\u00fc ile g\u00fcbre tatbik edilmektedir....<\/p>\n                    <a href=\"http:\/\/www.donmezlertarim.com\/en\/gubreyi-nezaman-nasil-kullanmaliyiz\/\" class=\"jeg_readmore\">Read more<\/a>\n                <\/div>\n            <\/div>\n            <\/article>\n            <div class=\"jeg_posts_wrap\">\n                <div class=\"jeg_posts jeg_load_more_flag\">\n                    \n                <\/div>\n            <\/div>\n                <div class='module-overlay'>\n                <div class='preloader_type preloader_dot'>\n                    <div class=\"module-preloader jeg_preloader dot\">\n                        <span><\/span><span><\/span><span><\/span>\n                    <\/div>\n                    <div class=\"module-preloader jeg_preloader circle\">\n                        <div class=\"epic_preloader_circle_outer\">\n                            <div class=\"epic_preloader_circle_inner\"><\/div>\n                        <\/div>\n                    <\/div>\n                    <div class=\"module-preloader jeg_preloader square\">\n                        <div class=\"jeg_square\"><div class=\"jeg_square_inner\"><\/div><\/div>\n                    <\/div>\n                <\/div>\n            <\/div>\n            <\/div>\n            <div class=\"jeg_block_navigation\">\n                <div class='navigation_overlay'><div class='module-preloader jeg_preloader'><span><\/span><span><\/span><span><\/span><\/div><\/div>\n                <div class=\"jeg_block_loadmore inactive\">\n                    <a href=\"#\" class='disabled' data-load='Load More' data-loading='Loading...'> Load More<\/a>\n                <\/div>\n                \n            <\/div>\n                \n                <script>var epic_module__0_69e3b32b19ac9 = {\"header_icon\":\"\",\"first_title\":\"\",\"second_title\":\"\",\"url\":\"\",\"header_type\":\"heading_6\",\"header_background\":\"\",\"header_secondary_background\":\"\",\"header_text_color\":\"\",\"header_line_color\":\"\",\"header_accent_color\":\"\",\"header_filter_category\":\"\",\"header_filter_author\":\"\",\"header_filter_tag\":\"\",\"header_filter_text\":\"T\\u00fcm\\u00fc\",\"post_type\":\"post\",\"number_post\":{\"unit\":\"px\",\"size\":12,\"sizes\":[]},\"post_offset\":0,\"unique_content\":\"disable\",\"include_post\":\"\",\"exclude_post\":\"\",\"include_category\":\"1\",\"exclude_category\":\"\",\"include_author\":\"\",\"include_tag\":\"\",\"exclude_tag\":\"\",\"r3d_category\":\"\",\"r3d_author\":\"\",\"sort_by\":\"latest\",\"date_format\":\"ago\",\"date_format_custom\":\"Y\\\/m\\\/d\",\"excerpt_length\":{\"unit\":\"px\",\"size\":95,\"sizes\":[]},\"excerpt_ellipsis\":\"...\",\"pagination_mode\":\"scrollload\",\"pagination_nextprev_showtext\":\"\",\"pagination_number_post\":{\"unit\":\"px\",\"size\":4,\"sizes\":[]},\"pagination_scroll_limit\":0,\"boxed\":\"\",\"boxed_shadow\":\"\",\"el_id\":\"\",\"el_class\":\"\",\"scheme\":\"\",\"column_width\":\"auto\",\"title_color\":\"\",\"accent_color\":\"\",\"alt_color\":\"\",\"excerpt_color\":\"\",\"css\":\"\",\"title_typography_typography\":\"\",\"title_typography_font_family\":\"\",\"title_typography_font_size\":{\"unit\":\"px\",\"size\":\"\",\"sizes\":[]},\"title_typography_font_weight\":\"\",\"title_typography_text_transform\":\"\",\"title_typography_font_style\":\"\",\"title_typography_text_decoration\":\"\",\"title_typography_line_height\":{\"unit\":\"px\",\"size\":\"\",\"sizes\":[]},\"title_typography_letter_spacing\":{\"unit\":\"px\",\"size\":\"\",\"sizes\":[]},\"meta_typography_typography\":\"\",\"meta_typography_font_family\":\"\",\"meta_typography_font_size\":{\"unit\":\"px\",\"size\":\"\",\"sizes\":[]},\"meta_typography_font_weight\":\"\",\"meta_typography_text_transform\":\"\",\"meta_typography_font_style\":\"\",\"meta_typography_text_decoration\":\"\",\"meta_typography_line_height\":{\"unit\":\"px\",\"size\":\"\",\"sizes\":[]},\"meta_typography_letter_spacing\":{\"unit\":\"px\",\"size\":\"\",\"sizes\":[]},\"content_typography_typography\":\"\",\"content_typography_font_family\":\"\",\"content_typography_font_size\":{\"unit\":\"px\",\"size\":\"\",\"sizes\":[]},\"content_typography_font_weight\":\"\",\"content_typography_text_transform\":\"\",\"content_typography_font_style\":\"\",\"content_typography_text_decoration\":\"\",\"content_typography_line_height\":{\"unit\":\"px\",\"size\":\"\",\"sizes\":[]},\"content_typography_letter_spacing\":{\"unit\":\"px\",\"size\":\"\",\"sizes\":[]},\"_title\":\"\",\"_margin\":{\"unit\":\"px\",\"top\":\"\",\"right\":\"\",\"bottom\":\"\",\"left\":\"\",\"isLinked\":true},\"_padding\":{\"unit\":\"px\",\"top\":\"\",\"right\":\"\",\"bottom\":\"\",\"left\":\"\",\"isLinked\":true},\"_z_index\":\"\",\"_element_id\":\"\",\"_css_classes\":\"\",\"trp_language_restriction\":\"\",\"trp_language_restriction_automatic_translation\":\"\",\"trp_restricted_languages\":\"\",\"trp_exclude_handler\":\"\",\"trp_excluded_languages\":\"\",\"motion_fx_motion_fx_scrolling\":\"\",\"motion_fx_translateY_effect\":\"\",\"motion_fx_translateY_direction\":\"\",\"motion_fx_translateY_speed\":{\"unit\":\"px\",\"size\":4,\"sizes\":[]},\"motion_fx_translateY_affectedRange\":{\"unit\":\"%\",\"size\":\"\",\"sizes\":{\"start\":0,\"end\":100}},\"motion_fx_translateX_effect\":\"\",\"motion_fx_translateX_direction\":\"\",\"motion_fx_translateX_speed\":{\"unit\":\"px\",\"size\":4,\"sizes\":[]},\"motion_fx_translateX_affectedRange\":{\"unit\":\"%\",\"size\":\"\",\"sizes\":{\"start\":0,\"end\":100}},\"motion_fx_opacity_effect\":\"\",\"motion_fx_opacity_direction\":\"out-in\",\"motion_fx_opacity_level\":{\"unit\":\"px\",\"size\":10,\"sizes\":[]},\"motion_fx_opacity_range\":{\"unit\":\"%\",\"size\":\"\",\"sizes\":{\"start\":20,\"end\":80}},\"motion_fx_blur_effect\":\"\",\"motion_fx_blur_direction\":\"out-in\",\"motion_fx_blur_level\":{\"unit\":\"px\",\"size\":7,\"sizes\":[]},\"motion_fx_blur_range\":{\"unit\":\"%\",\"size\":\"\",\"sizes\":{\"start\":20,\"end\":80}},\"motion_fx_rotateZ_effect\":\"\",\"motion_fx_rotateZ_direction\":\"\",\"motion_fx_rotateZ_speed\":{\"unit\":\"px\",\"size\":1,\"sizes\":[]},\"motion_fx_rotateZ_affectedRange\":{\"unit\":\"%\",\"size\":\"\",\"sizes\":{\"start\":0,\"end\":100}},\"motion_fx_scale_effect\":\"\",\"motion_fx_scale_direction\":\"out-in\",\"motion_fx_scale_speed\":{\"unit\":\"px\",\"size\":4,\"sizes\":[]},\"motion_fx_scale_range\":{\"unit\":\"%\",\"size\":\"\",\"sizes\":{\"start\":20,\"end\":80}},\"motion_fx_transform_origin_x\":\"center\",\"motion_fx_transform_origin_y\":\"center\",\"motion_fx_devices\":[\"desktop\",\"tablet\",\"mobile\"],\"motion_fx_range\":\"\",\"motion_fx_motion_fx_mouse\":\"\",\"motion_fx_mouseTrack_effect\":\"\",\"motion_fx_mouseTrack_direction\":\"\",\"motion_fx_mouseTrack_speed\":{\"unit\":\"px\",\"size\":1,\"sizes\":[]},\"motion_fx_tilt_effect\":\"\",\"motion_fx_tilt_direction\":\"\",\"motion_fx_tilt_speed\":{\"unit\":\"px\",\"size\":4,\"sizes\":[]},\"sticky\":\"\",\"sticky_on\":[\"desktop\",\"tablet\",\"mobile\"],\"sticky_offset\":0,\"sticky_offset_tablet\":\"\",\"sticky_offset_mobile\":\"\",\"sticky_effects_offset\":0,\"sticky_effects_offset_tablet\":\"\",\"sticky_effects_offset_mobile\":\"\",\"sticky_parent\":\"\",\"_animation\":\"\",\"_animation_tablet\":\"\",\"_animation_mobile\":\"\",\"animation_duration\":\"\",\"_animation_delay\":\"\",\"_background_background\":\"\",\"_background_color\":\"\",\"_background_color_stop\":{\"unit\":\"%\",\"size\":0,\"sizes\":[]},\"_background_color_b\":\"#f2295b\",\"_background_color_b_stop\":{\"unit\":\"%\",\"size\":100,\"sizes\":[]},\"_background_gradient_type\":\"linear\",\"_background_gradient_angle\":{\"unit\":\"deg\",\"size\":180,\"sizes\":[]},\"_background_gradient_position\":\"center center\",\"_background_image\":{\"url\":\"\",\"id\":\"\"},\"_background_position\":\"\",\"_background_xpos\":{\"unit\":\"px\",\"size\":0,\"sizes\":[]},\"_background_ypos\":{\"unit\":\"px\",\"size\":0,\"sizes\":[]},\"_background_attachment\":\"\",\"_background_repeat\":\"\",\"_background_size\":\"\",\"_background_bg_width\":{\"unit\":\"%\",\"size\":100,\"sizes\":[]},\"_background_video_link\":\"\",\"_background_video_start\":\"\",\"_background_video_end\":\"\",\"_background_play_once\":\"\",\"_background_play_on_mobile\":\"\",\"_background_privacy_mode\":\"\",\"_background_video_fallback\":{\"url\":\"\",\"id\":\"\"},\"_background_slideshow_gallery\":[],\"_background_slideshow_loop\":\"yes\",\"_background_slideshow_slide_duration\":5000,\"_background_slideshow_slide_transition\":\"fade\",\"_background_slideshow_transition_duration\":500,\"_background_slideshow_background_size\":\"\",\"_background_slideshow_background_position\":\"\",\"_background_slideshow_ken_burns\":\"\",\"_background_slideshow_ken_burns_zoom_direction\":\"in\",\"_background_hover_background\":\"\",\"_background_hover_color\":\"\",\"_background_hover_color_stop\":{\"unit\":\"%\",\"size\":0,\"sizes\":[]},\"_background_hover_color_b\":\"#f2295b\",\"_background_hover_color_b_stop\":{\"unit\":\"%\",\"size\":100,\"sizes\":[]},\"_background_hover_gradient_type\":\"linear\",\"_background_hover_gradient_angle\":{\"unit\":\"deg\",\"size\":180,\"sizes\":[]},\"_background_hover_gradient_position\":\"center center\",\"_background_hover_image\":{\"url\":\"\",\"id\":\"\"},\"_background_hover_position\":\"\",\"_background_hover_xpos\":{\"unit\":\"px\",\"size\":0,\"sizes\":[]},\"_background_hover_ypos\":{\"unit\":\"px\",\"size\":0,\"sizes\":[]},\"_background_hover_attachment\":\"\",\"_background_hover_repeat\":\"\",\"_background_hover_size\":\"\",\"_background_hover_bg_width\":{\"unit\":\"%\",\"size\":100,\"sizes\":[]},\"_background_hover_video_link\":\"\",\"_background_hover_video_start\":\"\",\"_background_hover_video_end\":\"\",\"_background_hover_play_once\":\"\",\"_background_hover_play_on_mobile\":\"\",\"_background_hover_privacy_mode\":\"\",\"_background_hover_video_fallback\":{\"url\":\"\",\"id\":\"\"},\"_background_hover_slideshow_gallery\":[],\"_background_hover_slideshow_loop\":\"yes\",\"_background_hover_slideshow_slide_duration\":5000,\"_background_hover_slideshow_slide_transition\":\"fade\",\"_background_hover_slideshow_transition_duration\":500,\"_background_hover_slideshow_background_size\":\"\",\"_background_hover_slideshow_background_position\":\"\",\"_background_hover_slideshow_ken_burns\":\"\",\"_background_hover_slideshow_ken_burns_zoom_direction\":\"in\",\"_background_hover_transition\":{\"unit\":\"px\",\"size\":\"\",\"sizes\":[]},\"_border_border\":\"\",\"_border_width\":{\"unit\":\"px\",\"top\":\"\",\"right\":\"\",\"bottom\":\"\",\"left\":\"\",\"isLinked\":true},\"_border_color\":\"\",\"_border_radius\":{\"unit\":\"px\",\"top\":\"\",\"right\":\"\",\"bottom\":\"\",\"left\":\"\",\"isLinked\":true},\"_box_shadow_box_shadow_type\":\"\",\"_box_shadow_box_shadow\":{\"horizontal\":0,\"vertical\":0,\"blur\":10,\"spread\":0,\"color\":\"rgba(0,0,0,0.5)\"},\"_box_shadow_box_shadow_position\":\" \",\"_border_hover_border\":\"\",\"_border_hover_width\":{\"unit\":\"px\",\"top\":\"\",\"right\":\"\",\"bottom\":\"\",\"left\":\"\",\"isLinked\":true},\"_border_hover_color\":\"\",\"_border_radius_hover\":{\"unit\":\"px\",\"top\":\"\",\"right\":\"\",\"bottom\":\"\",\"left\":\"\",\"isLinked\":true},\"_box_shadow_hover_box_shadow_type\":\"\",\"_box_shadow_hover_box_shadow\":{\"horizontal\":0,\"vertical\":0,\"blur\":10,\"spread\":0,\"color\":\"rgba(0,0,0,0.5)\"},\"_box_shadow_hover_box_shadow_position\":\" \",\"_border_hover_transition\":{\"unit\":\"px\",\"size\":\"\",\"sizes\":[]},\"_mask_switch\":\"\",\"_mask_shape\":\"circle\",\"_mask_image\":{\"url\":\"\",\"id\":\"\"},\"_mask_notice\":\"\",\"_mask_size\":\"contain\",\"_mask_size_scale\":{\"unit\":\"%\",\"size\":100,\"sizes\":[]},\"_mask_position\":\"center center\",\"_mask_position_x\":{\"unit\":\"%\",\"size\":0,\"sizes\":[]},\"_mask_position_y\":{\"unit\":\"%\",\"size\":0,\"sizes\":[]},\"_mask_repeat\":\"no-repeat\",\"_element_width\":\"\",\"_element_width_tablet\":\"\",\"_element_width_mobile\":\"\",\"_element_custom_width\":{\"unit\":\"px\",\"size\":\"\",\"sizes\":[]},\"_element_vertical_align\":\"\",\"_position\":\"\",\"_offset_orientation_h\":\"start\",\"_offset_x\":{\"unit\":\"px\",\"size\":\"0\",\"sizes\":[]},\"_offset_x_end\":{\"unit\":\"px\",\"size\":\"0\",\"sizes\":[]},\"_offset_orientation_v\":\"start\",\"_offset_y\":{\"unit\":\"px\",\"size\":\"0\",\"sizes\":[]},\"_offset_y_end\":{\"unit\":\"px\",\"size\":\"0\",\"sizes\":[]},\"hide_desktop\":\"\",\"hide_tablet\":\"\",\"hide_mobile\":\"\",\"_attributes\":\"\",\"custom_css\":\"\",\"paged\":1,\"column_class\":\"jeg_col_3o3\",\"class\":\"epic_block_2\"};<\/script>\n            <\/div>\t\t<\/div>\n\t\t\t\t<\/div>\n\t\t\t\t\t<\/div>\n\t\t<\/div>\n\t\t\t\t\t\t\t<\/div>\n\t\t<\/section>\n\t\t\t\t\t\t<\/div>\n\t\t\t\t\t<\/div>","protected":false},"excerpt":{"rendered":"<p>\u00c7ift\u00e7i Formu D\u00f6nmezler Tar\u0131m G\u00fcncel Haberler edit post G\u00fcncel Ba\u015fl\u0131klar G\u00fcbreyi Nas\u0131l ve Ne Zaman Kullanmal\u0131y\u0131z? by @admin 1 hafta ago 0 Bu sorunun cevab\u0131n\u0131 g\u00fcbrelerin verilme \u015fekli ve g\u00fcbrelerin uygulama zaman\u0131 olarak iki ba\u015fl\u0131k alt\u0131nda g\u00f6rece\u011fiz. 1. G\u00dcBRELER\u0130N VER\u0130LME \u015eEKL\u0130 G\u00fcbreler genellikle EL veya MAK\u0130NE ile topra\u011f\u0131n \u00fcst\u00fcne SERP\u0130LEREK verilmekte ya da tohum veya &hellip; <\/p>\n<p class=\"link-more\"><a href=\"http:\/\/www.donmezlertarim.com\/en\/haberler\/\" class=\"more-link\">Continue reading<span class=\"screen-reader-text\"> &#8220;Haberler&#8221;<\/span><\/a><\/p>","protected":false},"author":1,"featured_media":0,"parent":0,"menu_order":0,"comment_status":"closed","ping_status":"closed","template":"","meta":[],"_links":{"self":[{"href":"http:\/\/www.donmezlertarim.com\/en\/wp-json\/wp\/v2\/pages\/625"}],"collection":[{"href":"http:\/\/www.donmezlertarim.com\/en\/wp-json\/wp\/v2\/pages"}],"about":[{"href":"http:\/\/www.donmezlertarim.com\/en\/wp-json\/wp\/v2\/types\/page"}],"author":[{"embeddable":true,"href":"http:\/\/www.donmezlertarim.com\/en\/wp-json\/wp\/v2\/users\/1"}],"replies":[{"embeddable":true,"href":"http:\/\/www.donmezlertarim.com\/en\/wp-json\/wp\/v2\/comments?post=625"}],"version-history":[{"count":16,"href":"http:\/\/www.donmezlertarim.com\/en\/wp-json\/wp\/v2\/pages\/625\/revisions"}],"predecessor-version":[{"id":1035,"href":"http:\/\/www.donmezlertarim.com\/en\/wp-json\/wp\/v2\/pages\/625\/revisions\/1035"}],"wp:attachment":[{"href":"http:\/\/www.donmezlertarim.com\/en\/wp-json\/wp\/v2\/media?parent=625"}],"curies":[{"name":"wp","href":"https:\/\/api.w.org\/{rel}","templated":true}]}}